{"id":2536,"date":"2020-08-19T09:58:50","date_gmt":"2020-08-19T07:58:50","guid":{"rendered":"https:\/\/enterprojekt.com.pl\/?page_id=2536"},"modified":"2020-08-19T10:01:57","modified_gmt":"2020-08-19T08:01:57","slug":"wspolpracujemy","status":"publish","type":"page","link":"https:\/\/enterprojekt.com.pl\/index.php\/wspolpracujemy\/","title":{"rendered":"Wsp\u00f3\u0142pracujemy"},"content":{"rendered":"\n<p>Firma Enter Projekt wsp\u00f3\u0142pracuje z najwy\u017cszej klasy specjalistami w dziedzinie projektowania<\/p>\n\n\n\n<p><\/p>\n\n\n\n<blockquote class=\"wp-block-quote is-style-default\"><p>&#8211; eRGie Renata Gierula<\/p><p>&#8211; Studio Architektoniczne Klaudia Rutkowska<\/p><p>&#8211; AD-Projekt Adam Lal<\/p><p>&#8211; DB Studio Projekt<\/p><p>&#8211; The Blok Grupa Projektowa sp. z o.o.<\/p><p>&#8211; Pracowania Projektowa Grupa Instalbud<\/p><p>&#8211; Sferahouse sp. z o.o. sp.k.<\/p><p>&#8211; Biuro In\u017cynierskie SOL-ELV<\/p><\/blockquote>\n\n\n\n<p><\/p>\n","protected":false},"excerpt":{"rendered":"<p>Firma Enter Projekt wsp\u00f3\u0142pracuje z najwy\u017cszej klasy specjalistami w dziedzinie projektowania &#8211; eRGie Renata Gierula &#8211; Studio Architektoniczne Klaudia Rutkowska &#8211; AD-Projekt Adam Lal &#8211; DB Studio Projekt &#8211; The Blok Grupa Projektowa sp. z o.o. &#8211; Pracowania Projektowa Grupa Instalbud &#8211; Sferahouse sp. z o.o. sp.k. &#8211; Biuro In\u017cynierskie SOL-ELV<\/p>\n","protected":false},"author":1,"featured_media":0,"parent":0,"menu_order":0,"comment_status":"closed","ping_status":"closed","template":"","meta":[],"_links":{"self":[{"href":"https:\/\/enterprojekt.com.pl\/index.php\/wp-json\/wp\/v2\/pages\/2536"}],"collection":[{"href":"https:\/\/enterprojekt.com.pl\/index.php\/wp-json\/wp\/v2\/pages"}],"about":[{"href":"https:\/\/enterprojekt.com.pl\/index.php\/wp-json\/wp\/v2\/types\/page"}],"author":[{"embeddable":true,"href":"https:\/\/enterprojekt.com.pl\/index.php\/wp-json\/wp\/v2\/users\/1"}],"replies":[{"embeddable":true,"href":"https:\/\/enterprojekt.com.pl\/index.php\/wp-json\/wp\/v2\/comments?post=2536"}],"version-history":[{"count":2,"href":"https:\/\/enterprojekt.com.pl\/index.php\/wp-json\/wp\/v2\/pages\/2536\/revisions"}],"predecessor-version":[{"id":2538,"href":"https:\/\/enterprojekt.com.pl\/index.php\/wp-json\/wp\/v2\/pages\/2536\/revisions\/2538"}],"wp:attachment":[{"href":"https:\/\/enterprojekt.com.pl\/index.php\/wp-json\/wp\/v2\/media?parent=2536"}],"curies":[{"name":"wp","href":"https:\/\/api.w.org\/{rel}","templated":true}]}}