{"id":2,"date":"2020-06-17T09:13:39","date_gmt":"2020-06-17T07:13:39","guid":{"rendered":"http:\/\/enterprojekt.com.pl\/?page_id=2"},"modified":"2020-08-19T10:07:21","modified_gmt":"2020-08-19T08:07:21","slug":"oferta","status":"publish","type":"page","link":"https:\/\/enterprojekt.com.pl\/index.php\/oferta\/","title":{"rendered":"Oferta"},"content":{"rendered":"\n<p>Firma Enter Projekt istnieje na rynku od ponad &#8230;.<\/p>\n\n\n\n<p>W\u0142a\u015bcicielem firmy jest &#8230;<\/p>\n\n\n\n<p>Specjalizuje si\u0119 w projektach instalacji sanitarnych zewn\u0119trznych:<\/p>\n\n\n\n<blockquote class=\"wp-block-quote is-style-default\"><p>&#8211; sieci wodoci\u0105gowe<\/p><p>&#8211; sieci kanalizacji sanitarnej<\/p><p>&#8211; sieci kanalizacji deszczowej<\/p><p>&#8211; sieci gazowe<\/p><p>&#8211; przy\u0142\u0105cza wod-kan<\/p><\/blockquote>\n\n\n\n<p>jak r\u00f3wnie\u017c instalacje wewn\u0119trzne:<\/p>\n\n\n\n<blockquote class=\"wp-block-quote\"><p>&#8211; instalacje wod-kan<\/p><p>&#8211; instalacje gazu<\/p><p>&#8211; instalacje grzewcze<\/p><p>&#8211; instalacje wentylacji mechanicznej i klimatyzacji<\/p><p>&#8211; kot\u0142ownie i wymiennikownie<\/p><\/blockquote>\n\n\n\n<p><\/p>\n","protected":false},"excerpt":{"rendered":"<p>Firma Enter Projekt istnieje na rynku od ponad &#8230;. W\u0142a\u015bcicielem firmy jest &#8230; Specjalizuje si\u0119 w projektach instalacji sanitarnych zewn\u0119trznych: &#8211; sieci wodoci\u0105gowe &#8211; sieci kanalizacji sanitarnej &#8211; sieci kanalizacji deszczowej &#8211; sieci gazowe &#8211; przy\u0142\u0105cza wod-kan jak r\u00f3wnie\u017c instalacje wewn\u0119trzne: &#8211; instalacje wod-kan &#8211; instalacje gazu &#8211; instalacje grzewcze &#8211; instalacje wentylacji mechanicznej i [&hellip;]<\/p>\n","protected":false},"author":1,"featured_media":0,"parent":0,"menu_order":0,"comment_status":"closed","ping_status":"open","template":"","meta":[],"_links":{"self":[{"href":"https:\/\/enterprojekt.com.pl\/index.php\/wp-json\/wp\/v2\/pages\/2"}],"collection":[{"href":"https:\/\/enterprojekt.com.pl\/index.php\/wp-json\/wp\/v2\/pages"}],"about":[{"href":"https:\/\/enterprojekt.com.pl\/index.php\/wp-json\/wp\/v2\/types\/page"}],"author":[{"embeddable":true,"href":"https:\/\/enterprojekt.com.pl\/index.php\/wp-json\/wp\/v2\/users\/1"}],"replies":[{"embeddable":true,"href":"https:\/\/enterprojekt.com.pl\/index.php\/wp-json\/wp\/v2\/comments?post=2"}],"version-history":[{"count":4,"href":"https:\/\/enterprojekt.com.pl\/index.php\/wp-json\/wp\/v2\/pages\/2\/revisions"}],"predecessor-version":[{"id":2540,"href":"https:\/\/enterprojekt.com.pl\/index.php\/wp-json\/wp\/v2\/pages\/2\/revisions\/2540"}],"wp:attachment":[{"href":"https:\/\/enterprojekt.com.pl\/index.php\/wp-json\/wp\/v2\/media?parent=2"}],"curies":[{"name":"wp","href":"https:\/\/api.w.org\/{rel}","templated":true}]}}